{"id":335,"date":"2023-02-14T13:59:43","date_gmt":"2023-02-14T10:59:43","guid":{"rendered":"https:\/\/zumurudacargo.com\/iletisim\/"},"modified":"2023-03-07T17:02:04","modified_gmt":"2023-03-07T14:02:04","slug":"%d8%a7%d9%84%d8%aa%d9%88%d8%a7%d8%b5%d9%84","status":"publish","type":"page","link":"https:\/\/zumurudacargo.com\/ar\/%d8%a7%d9%84%d8%aa%d9%88%d8%a7%d8%b5%d9%84\/","title":{"rendered":"\u0627\u0644\u062a\u0648\u0627\u0635\u0644"},"content":{"rendered":"\n<style type=\"text\/css\" data-created_by=\"avia_inline_auto\" id=\"style-css-av-179ei8-a2e1d5e92c157cd9f376f05fe830ac27\">\n.avia-section.av-179ei8-a2e1d5e92c157cd9f376f05fe830ac27 .av-parallax .av-parallax-inner{\nbackground-repeat:no-repeat;\nbackground-image:url(https:\/\/zumurudacargo.com\/wp-content\/uploads\/2023\/01\/indir.jpg);\nbackground-position:50% 50%;\nbackground-attachment:scroll;\n}\n.avia-section.av-179ei8-a2e1d5e92c157cd9f376f05fe830ac27 .av-section-color-overlay{\nopacity:0.5;\nbackground-color:#0a0a0a;\n}\n<\/style>\n<div id='av_section_1'  class='avia-section av-179ei8-a2e1d5e92c157cd9f376f05fe830ac27 main_color avia-section-default avia-no-border-styling  avia-builder-el-0  el_before_av_one_half  avia-builder-el-first  avia-full-stretch av-parallax-section avia-bg-style-parallax av-section-color-overlay-active av-minimum-height av-minimum-height-30  container_wrap fullsize'  data-section-bg-repeat='stretch' data-av_minimum_height_pc='30'><div class='av-parallax' data-avia-parallax-ratio='0.3' ><div class='av-parallax-inner main_color avia-full-stretch'><\/div><\/div><div class=\"av-section-color-overlay-wrap\"><div class=\"av-section-color-overlay\"><\/div><div class='container av-section-cont-open' ><main  role=\"main\" itemprop=\"mainContentOfPage\"  class='template-page content  av-content-full alpha units'><div class='post-entry post-entry-type-page post-entry-335'><div class='entry-content-wrapper clearfix'>\n\n<style type=\"text\/css\" data-created_by=\"avia_inline_auto\" id=\"style-css-av-le470kkv-eb095b95b4a36e66b65f68177233161b\">\n#top .av-special-heading.av-le470kkv-eb095b95b4a36e66b65f68177233161b{\npadding-bottom:10px;\ncolor:#ffffff;\nfont-size:38px;\n}\nbody .av-special-heading.av-le470kkv-eb095b95b4a36e66b65f68177233161b .av-special-heading-tag .heading-char{\nfont-size:25px;\n}\n#top #wrap_all .av-special-heading.av-le470kkv-eb095b95b4a36e66b65f68177233161b .av-special-heading-tag{\nfont-size:38px;\n}\n.av-special-heading.av-le470kkv-eb095b95b4a36e66b65f68177233161b .special-heading-inner-border{\nborder-color:#ffffff;\n}\n.av-special-heading.av-le470kkv-eb095b95b4a36e66b65f68177233161b .av-subheading{\nfont-size:15px;\n}\n\n@media only screen and (min-width: 480px) and (max-width: 767px){ \n#top #wrap_all .av-special-heading.av-le470kkv-eb095b95b4a36e66b65f68177233161b .av-special-heading-tag{\nfont-size:0.8em;\n}\n}\n\n@media only screen and (max-width: 479px){ \n#top #wrap_all .av-special-heading.av-le470kkv-eb095b95b4a36e66b65f68177233161b .av-special-heading-tag{\nfont-size:0.8em;\n}\n}\n<\/style>\n<div  class='av-special-heading av-le470kkv-eb095b95b4a36e66b65f68177233161b av-special-heading-h3 custom-color-heading blockquote modern-quote  avia-builder-el-1  avia-builder-el-no-sibling  av-inherit-size'><h3 class='av-special-heading-tag'  itemprop=\"headline\"  >\u0627\u0644\u062a\u0648\u0627\u0635\u0644<\/h3><div class=\"special-heading-border\"><div class=\"special-heading-inner-border\"><\/div><\/div><\/div>\n<\/div><\/div><\/main><!-- close content main element --><\/div><\/div><\/div><div id='after_section_1'  class='main_color av_default_container_wrap container_wrap fullsize'  ><div class='container av-section-cont-open' ><div class='template-page content  av-content-full alpha units'><div class='post-entry post-entry-type-page post-entry-335'><div class='entry-content-wrapper clearfix'><div class='flex_column av-12eeco-05edd42ef7069c0a3fd34bfe75f2c2fb av_one_half  avia-builder-el-2  el_after_av_section  el_before_av_one_half  avia-builder-el-first  first flex_column_div '     ><p>\n<style type=\"text\/css\" data-created_by=\"avia_inline_auto\" id=\"style-css-av-le4701cg-97a5f3c75c83aa4696e1da3b7184d1c7\">\n#top .av-special-heading.av-le4701cg-97a5f3c75c83aa4696e1da3b7184d1c7{\npadding-bottom:10px;\n}\nbody .av-special-heading.av-le4701cg-97a5f3c75c83aa4696e1da3b7184d1c7 .av-special-heading-tag .heading-char{\nfont-size:25px;\n}\n.av-special-heading.av-le4701cg-97a5f3c75c83aa4696e1da3b7184d1c7 .av-subheading{\nfont-size:15px;\n}\n<\/style>\n<div  class='av-special-heading av-le4701cg-97a5f3c75c83aa4696e1da3b7184d1c7 av-special-heading-h3 custom-color-heading blockquote modern-quote  avia-builder-el-3  el_before_av_iconlist  avia-builder-el-first '><h3 class='av-special-heading-tag'  itemprop=\"headline\"  >\u0645\u0639\u0644\u0648\u0645\u0627\u062a \u0627\u0644\u062a\u0648\u0627\u0635\u0644<\/h3><div class=\"special-heading-border\"><div class=\"special-heading-inner-border\"><\/div><\/div><\/div><br \/>\n\n<style type=\"text\/css\" data-created_by=\"avia_inline_auto\" id=\"style-css-av-le44yov9-c63d78cafb1d002008a998a302e2ec74\">\n#top .avia-icon-list-container.av-le44yov9-c63d78cafb1d002008a998a302e2ec74 .iconlist_icon{\ncolor:#ffffff;\nbackground-color:#0a0a0a;\nborder:1px solid #ffffff;\n}\n<\/style>\n<div  class='avia-icon-list-container av-le44yov9-c63d78cafb1d002008a998a302e2ec74  avia-builder-el-4  el_after_av_heading  avia-builder-el-last '><ul class='avia-icon-list avia_animate_when_almost_visible avia-icon-list-right av-iconlist-small av-le44yov9-c63d78cafb1d002008a998a302e2ec74 avia-iconlist-animate'>\n<li><div class='iconlist_icon av-yefhc-46be23057395d7bfe442b71e3000d2e3 avia-font-entypo-fontello'><span class='iconlist-char' aria-hidden='true' data-av_icon='\ue842' data-av_iconfont='entypo-fontello'><\/span><\/div><article class=\"article-icon-entry \"  itemscope=\"itemscope\" itemtype=\"https:\/\/schema.org\/CreativeWork\" ><div class=\"iconlist_content_wrap\"><header class=\"entry-content-header\"><\/header><div class='iconlist_content '  itemprop=\"text\" ><p>Molla G\u00fcrani Mh. L\u00fctf\u00fcpa\u015fa Sk. Hac\u0131bey \u0130\u015f Han\u0131 No:54 Kap\u0131:29 34093 Fatih\/\u0130stanbul<\/p>\n<\/div><\/div><footer class=\"entry-footer\"><\/footer><\/article><div class=\"iconlist-timeline\"><\/div><\/li>\n<li><div class='iconlist_icon av-tarlk-1c9769706aa0ba92aaa7c2195b1be772 avia-font-entypo-fontello'><span class='iconlist-char' aria-hidden='true' data-av_icon='\ue854' data-av_iconfont='entypo-fontello'><\/span><\/div><article class=\"article-icon-entry \"  itemscope=\"itemscope\" itemtype=\"https:\/\/schema.org\/CreativeWork\" ><div class=\"iconlist_content_wrap\"><header class=\"entry-content-header\"><\/header><div class='iconlist_content '  itemprop=\"text\" ><p>00905538378859<\/p>\n<\/div><\/div><footer class=\"entry-footer\"><\/footer><\/article><div class=\"iconlist-timeline\"><\/div><\/li>\n<li><div class='iconlist_icon av-k0ntk-49aa3aff25674d8a60c0f22fe0b13f01 avia-font-entypo-fontello'><span class='iconlist-char' aria-hidden='true' data-av_icon='\ue805' data-av_iconfont='entypo-fontello'><\/span><\/div><article class=\"article-icon-entry \"  itemscope=\"itemscope\" itemtype=\"https:\/\/schema.org\/CreativeWork\" ><div class=\"iconlist_content_wrap\"><header class=\"entry-content-header\"><\/header><div class='iconlist_content '  itemprop=\"text\" ><p>info@zumurudacargo.com<\/p>\n<\/div><\/div><footer class=\"entry-footer\"><\/footer><\/article><div class=\"iconlist-timeline\"><\/div><\/li>\n<\/ul><\/div><\/p><\/div><div class='flex_column av-dul80-395021cfaf9f9710bd10b8e8574a847d av_one_half  avia-builder-el-5  el_after_av_one_half  avia-builder-el-last  flex_column_div '     ><style type=\"text\/css\" data-created_by=\"avia_inline_auto\" id=\"style-css-av-le44xf7m-33ac207dbc38e3bb57f23c0c3ce6500f\">\n#top .av_textblock_section.av-le44xf7m-33ac207dbc38e3bb57f23c0c3ce6500f .avia_textblock{\ncolor:#ffffff;\n}\n<\/style>\n<section  class='av_textblock_section av-le44xf7m-33ac207dbc38e3bb57f23c0c3ce6500f'  itemscope=\"itemscope\" itemtype=\"https:\/\/schema.org\/CreativeWork\" ><div class='avia_textblock av_inherit_color'  itemprop=\"text\" ><p><iframe src=\"https:\/\/www.google.com\/maps\/embed?pb=!1m14!1m8!1m3!1d12042.172823564963!2d28.938149!3d41.0133703!3m2!1i1024!2i768!4f13.1!3m3!1m2!1s0x0%3A0x4ca1fd32fced25d0!2zSGFjxLFiZXkgxLDFnyBIYW7EsQ!5e0!3m2!1str!2str!4v1676372513565!5m2!1str!2str\" width=\"100%\" height=\"450\" style=\"border:0;\" allowfullscreen=\"\" loading=\"lazy\" referrerpolicy=\"no-referrer-when-downgrade\"><\/iframe><\/p>\n<\/div><\/section><\/div><\/p>\n","protected":false},"excerpt":{"rendered":"","protected":false},"author":1,"featured_media":0,"parent":0,"menu_order":0,"comment_status":"closed","ping_status":"closed","template":"","meta":{"footnotes":""},"class_list":["post-335","page","type-page","status-publish","hentry"],"_links":{"self":[{"href":"https:\/\/zumurudacargo.com\/ar\/wp-json\/wp\/v2\/pages\/335","targetHints":{"allow":["GET"]}}],"collection":[{"href":"https:\/\/zumurudacargo.com\/ar\/wp-json\/wp\/v2\/pages"}],"about":[{"href":"https:\/\/zumurudacargo.com\/ar\/wp-json\/wp\/v2\/types\/page"}],"author":[{"embeddable":true,"href":"https:\/\/zumurudacargo.com\/ar\/wp-json\/wp\/v2\/users\/1"}],"replies":[{"embeddable":true,"href":"https:\/\/zumurudacargo.com\/ar\/wp-json\/wp\/v2\/comments?post=335"}],"version-history":[{"count":3,"href":"https:\/\/zumurudacargo.com\/ar\/wp-json\/wp\/v2\/pages\/335\/revisions"}],"predecessor-version":[{"id":338,"href":"https:\/\/zumurudacargo.com\/ar\/wp-json\/wp\/v2\/pages\/335\/revisions\/338"}],"wp:attachment":[{"href":"https:\/\/zumurudacargo.com\/ar\/wp-json\/wp\/v2\/media?parent=335"}],"curies":[{"name":"wp","href":"https:\/\/api.w.org\/{rel}","templated":true}]}}